{"id":758,"date":"2016-12-23T14:25:14","date_gmt":"2016-12-23T14:25:14","guid":{"rendered":"http:\/\/www.emklangenau.de\/?page_id=758"},"modified":"2019-04-16T20:19:21","modified_gmt":"2019-04-16T20:19:21","slug":"vision","status":"publish","type":"page","link":"https:\/\/www.emklangenau.de\/?page_id=758","title":{"rendered":"Unsere Vision"},"content":{"rendered":"<h1>Gemeinsam mutige Schritte wagen<\/h1>\n<h2>Bibel als Ma\u00dfstab<\/h2>\n<p>Wir wollen auf den in der Bibel offenbarten Willen Gottes h\u00f6ren, offen sein f\u00fcr Gottes Handeln und in einer pers\u00f6nlichen Beziehung zu Ihm leben.<\/p>\n<h2>Gebet, Stille und Anbetung<\/h2>\n<p>Wir sehen in Gebet, Stille und Anbetung wichtige und wirksame Inhalte christlichen Lebens.<\/p>\n<h2>Vielfalt an Angeboten<\/h2>\n<p>Wir sch\u00e4tzen die Vielfalt der Angebote f\u00fcr Kinder und Jugendliche, Erwachsene und Senioren.<\/p>\n<h2>Ehrlicher Austausch<\/h2>\n<p>Wir wollen in unserer Gemeinde Raum schaffen f\u00fcr den gegenseitigen Austausch und die ehrliche, offene Begegnung<br \/>untereinander.<\/p>\n<h2>Partnerschaftlicher Umgang<\/h2>\n<p>Wir sind nicht vollkommen und deshalb arbeiten wir daran, unsere St\u00e4rken weiter zu entwickeln und unsere Schw\u00e4chen abzubauen. Wir gehen partnerschaftlich miteinander um und helfen uns gegenseitig durch Teamarbeit und transparenten Informationsaustausch.<\/p>\n<h2>Ressourcen<\/h2>\n<p>Ein verantwortungsvoller Umgang mit unseren Ressourcen (Zeit, F\u00e4higkeiten, finanzielle Mittel) soll uns dabei helfen, unsere Kr\u00e4fte zu b\u00fcndeln und effizient einzusetzen.<\/p>\n<h2>Selbstverpflichtung<\/h2>\n<p>Die Ziele verstehen sich als Selbstverpflichtung. Wir bem\u00fchen uns st\u00e4ndig und ehrlichen Herzens um die Realisierung dieser Ziele. Wir sehen deshalb unser Leitbild als Handlungsaufforderung und bleiben offen f\u00fcr Korrekturma\u00dfnahmen.<\/p>\n\n\n<p><\/p>\n","protected":false},"excerpt":{"rendered":"<p>Gemeinsam mutige Schritte wagen Bibel als Ma\u00dfstab Wir wollen auf den in der Bibel offenbarten Willen Gottes h\u00f6ren, offen sein f\u00fcr Gottes Handeln und in einer pers\u00f6nlichen Beziehung zu Ihm leben. Gebet, Stille und Anbetung Wir sehen in Gebet, Stille und Anbetung wichtige und wirksame Inhalte christlichen Lebens. Vielfalt an Angeboten Wir sch\u00e4tzen die Vielfalt [&hellip;]<\/p>\n","protected":false},"author":15,"featured_media":1408,"parent":0,"menu_order":4,"comment_status":"closed","ping_status":"closed","template":"page-basis.php","meta":{"_expiration-date-status":"saved","_expiration-date":0,"_expiration-date-type":"","_expiration-date-categories":[],"_expiration-date-options":[]},"acf":[],"_links":{"self":[{"href":"https:\/\/www.emklangenau.de\/index.php?rest_route=\/wp\/v2\/pages\/758"}],"collection":[{"href":"https:\/\/www.emklangenau.de\/index.php?rest_route=\/wp\/v2\/pages"}],"about":[{"href":"https:\/\/www.emklangenau.de\/index.php?rest_route=\/wp\/v2\/types\/page"}],"author":[{"embeddable":true,"href":"https:\/\/www.emklangenau.de\/index.php?rest_route=\/wp\/v2\/users\/15"}],"replies":[{"embeddable":true,"href":"https:\/\/www.emklangenau.de\/index.php?rest_route=%2Fwp%2Fv2%2Fcomments&post=758"}],"version-history":[{"count":17,"href":"https:\/\/www.emklangenau.de\/index.php?rest_route=\/wp\/v2\/pages\/758\/revisions"}],"predecessor-version":[{"id":1447,"href":"https:\/\/www.emklangenau.de\/index.php?rest_route=\/wp\/v2\/pages\/758\/revisions\/1447"}],"wp:featuredmedia":[{"embeddable":true,"href":"https:\/\/www.emklangenau.de\/index.php?rest_route=\/wp\/v2\/media\/1408"}],"wp:attachment":[{"href":"https:\/\/www.emklangenau.de\/index.php?rest_route=%2Fwp%2Fv2%2Fmedia&parent=758"}],"curies":[{"name":"wp","href":"https:\/\/api.w.org\/{rel}","templated":true}]}}