{"id":671,"date":"2016-10-08T13:34:35","date_gmt":"2016-10-08T13:34:35","guid":{"rendered":"http:\/\/www.emklangenau.de\/?page_id=671"},"modified":"2019-04-16T12:41:23","modified_gmt":"2019-04-16T12:41:23","slug":"gottesdienst","status":"publish","type":"page","link":"https:\/\/www.emklangenau.de\/?page_id=671","title":{"rendered":"Gottesdienst"},"content":{"rendered":"<p>Jeden Sonntag treffen wir uns zum Gottesdienst. Miteinander singen, beten und auf eine Predigt zu h\u00f6ren sind dabei wesentliche Elemente, mit denen wir mit Gott in Beziehung treten wollen.<\/p>\n<p>Genauso ist uns die Beziehung untereinander wichtig. Diese zeigt sich im Miteinander der verschiedenen Generationen und der verschiedenen Formen von Gottesdiensten, Liedern und Predigten, die unterschiedliche Menschen ansprechen. Das anschlie\u00dfende Kirchencaf\u00e9 l\u00e4dt zum Verweilen ein, um miteinander ins Gespr\u00e4ch zu kommen.<\/p>\n\n\n<p><\/p>\n","protected":false},"excerpt":{"rendered":"<p>Jeden Sonntag treffen wir uns zum Gottesdienst. Miteinander singen, beten und auf eine Predigt zu h\u00f6ren sind dabei wesentliche Elemente, mit denen wir mit Gott in Beziehung treten wollen. Genauso ist uns die Beziehung untereinander wichtig. Diese zeigt sich im Miteinander der verschiedenen Generationen und der verschiedenen Formen von Gottesdiensten, Liedern und Predigten, die unterschiedliche [&hellip;]<\/p>\n","protected":false},"author":15,"featured_media":1410,"parent":0,"menu_order":6,"comment_status":"closed","ping_status":"closed","template":"page-basis.php","meta":{"_expiration-date-status":"saved","_expiration-date":0,"_expiration-date-type":"","_expiration-date-categories":[],"_expiration-date-options":[]},"acf":[],"_links":{"self":[{"href":"https:\/\/www.emklangenau.de\/index.php?rest_route=\/wp\/v2\/pages\/671"}],"collection":[{"href":"https:\/\/www.emklangenau.de\/index.php?rest_route=\/wp\/v2\/pages"}],"about":[{"href":"https:\/\/www.emklangenau.de\/index.php?rest_route=\/wp\/v2\/types\/page"}],"author":[{"embeddable":true,"href":"https:\/\/www.emklangenau.de\/index.php?rest_route=\/wp\/v2\/users\/15"}],"replies":[{"embeddable":true,"href":"https:\/\/www.emklangenau.de\/index.php?rest_route=%2Fwp%2Fv2%2Fcomments&post=671"}],"version-history":[{"count":3,"href":"https:\/\/www.emklangenau.de\/index.php?rest_route=\/wp\/v2\/pages\/671\/revisions"}],"predecessor-version":[{"id":1434,"href":"https:\/\/www.emklangenau.de\/index.php?rest_route=\/wp\/v2\/pages\/671\/revisions\/1434"}],"wp:featuredmedia":[{"embeddable":true,"href":"https:\/\/www.emklangenau.de\/index.php?rest_route=\/wp\/v2\/media\/1410"}],"wp:attachment":[{"href":"https:\/\/www.emklangenau.de\/index.php?rest_route=%2Fwp%2Fv2%2Fmedia&parent=671"}],"curies":[{"name":"wp","href":"https:\/\/api.w.org\/{rel}","templated":true}]}}