{"id":20,"date":"2014-11-01T12:17:22","date_gmt":"2014-11-01T12:17:22","guid":{"rendered":"http:\/\/localhost:8888\/EmK\/?page_id=20"},"modified":"2022-10-24T12:52:25","modified_gmt":"2022-10-24T12:52:25","slug":"gruppen","status":"publish","type":"page","link":"http:\/\/www.emklangenau.de\/?page_id=20","title":{"rendered":"Unsere Gruppen"},"content":{"rendered":"<p>F\u00fcr Kinder und Jugendliche, f\u00fcr Senioren, f\u00fcr Musik- oder Spielebegeisterte, f\u00fcr Zeit und Austausch mit anderen Menschen, f\u00fcr Glaubende und Suchende, als Mittagessen, als Abendprogramm, wir haben daf\u00fcr unterschiedliche Angebote in unserer Gemeinde. Dazu laden wir Sie gerne ein. Genaue Termine finden Sie immer unter <a href=\"http:\/\/www.emklangenau.de\/?page_id=16\">\u201eAktuelles und Termine\u201c<\/a><\/p>\n","protected":false},"excerpt":{"rendered":"<p>F\u00fcr Kinder und Jugendliche, f\u00fcr Senioren, f\u00fcr Musik- oder Spielebegeisterte, f\u00fcr Zeit und Austausch mit anderen Menschen, f\u00fcr Glaubende und Suchende, als Mittagessen, als Abendprogramm, wir haben daf\u00fcr unterschiedliche Angebote in unserer Gemeinde. Dazu laden wir Sie gerne ein. Genaue Termine finden Sie immer unter \u201eAktuelles und Termine\u201c<\/p>\n","protected":false},"author":15,"featured_media":1517,"parent":0,"menu_order":14,"comment_status":"open","ping_status":"closed","template":"page-gruppen.php","meta":{"_expiration-date-status":"","_expiration-date":0,"_expiration-date-type":"","_expiration-date-categories":[],"_expiration-date-options":[]},"acf":[],"_links":{"self":[{"href":"http:\/\/www.emklangenau.de\/index.php?rest_route=\/wp\/v2\/pages\/20"}],"collection":[{"href":"http:\/\/www.emklangenau.de\/index.php?rest_route=\/wp\/v2\/pages"}],"about":[{"href":"http:\/\/www.emklangenau.de\/index.php?rest_route=\/wp\/v2\/types\/page"}],"author":[{"embeddable":true,"href":"http:\/\/www.emklangenau.de\/index.php?rest_route=\/wp\/v2\/users\/15"}],"replies":[{"embeddable":true,"href":"http:\/\/www.emklangenau.de\/index.php?rest_route=%2Fwp%2Fv2%2Fcomments&post=20"}],"version-history":[{"count":5,"href":"http:\/\/www.emklangenau.de\/index.php?rest_route=\/wp\/v2\/pages\/20\/revisions"}],"predecessor-version":[{"id":1617,"href":"http:\/\/www.emklangenau.de\/index.php?rest_route=\/wp\/v2\/pages\/20\/revisions\/1617"}],"wp:featuredmedia":[{"embeddable":true,"href":"http:\/\/www.emklangenau.de\/index.php?rest_route=\/wp\/v2\/media\/1517"}],"wp:attachment":[{"href":"http:\/\/www.emklangenau.de\/index.php?rest_route=%2Fwp%2Fv2%2Fmedia&parent=20"}],"curies":[{"name":"wp","href":"https:\/\/api.w.org\/{rel}","templated":true}]}}